{"id":3416,"date":"2023-01-04T10:35:54","date_gmt":"2023-01-04T10:35:54","guid":{"rendered":"https:\/\/kdeconcept.com\/lycee-victor-hugo-de-gaillac\/"},"modified":"2023-01-04T10:35:54","modified_gmt":"2023-01-04T10:35:54","slug":"lycee-victor-hugo-de-gaillac","status":"publish","type":"page","link":"https:\/\/kdeconcept.com\/fr\/lycee-victor-hugo-de-gaillac\/","title":{"rendered":"Lyc\u00e9e Victor Hugo De Gaillac"},"content":{"rendered":"<div class=\"rss_texte\">\n<p>Organis\u00e9 par le professeur d&#8217;occitan L\u00e9o Humbert avec les \u00e9l\u00e8ves gaillacois des classes d&#8217;occitan du<strong> lyc\u00e9e Victor Hugo et des coll\u00e8ges Ren\u00e9 Taillefer et Albert Camus.<\/strong><br \/>\nPlus d&#8217;une heure d&#8217;\u00e9changes en fran\u00e7ais et en occitan autour de la cr\u00e9ation musicale occitane actuelle.. en musica de segur !<\/p>\n<div class=\"spip_document_4410 spip_document spip_documents spip_document_image spip_documents_left spip_document_left\">\n<a href=\"http:\/\/www.rdautan.fr\/IMG\/jpg\/20211214_133740.jpg\" class=\"spip_doc_lien mediabox\"> <\/a>\n<\/div>\n<\/p>\n<div class=\"spip_document_4411 spip_document spip_documents spip_document_image spip_documents_right spip_document_right\">\n<a href=\"http:\/\/www.rdautan.fr\/IMG\/jpg\/20211214_133735.jpg\" class=\"spip_doc_lien mediabox\"> <\/a>\n<\/div>\n<\/div>\n","protected":false},"excerpt":{"rendered":"<p>Organis\u00e9 par le professeur d&#8217;occitan L\u00e9o Humbert avec les \u00e9l\u00e8ves gaillacois des classes d&#8217;occitan du lyc\u00e9e Victor Hugo et des coll\u00e8ges Ren\u00e9 Taillefer et Albert Camus. Plus d&#8217;une heure d&#8217;\u00e9changes en fran\u00e7ais et en occitan autour de la cr\u00e9ation musicale occitane actuelle.. en musica de segur !<\/p>\n","protected":false},"author":1,"featured_media":0,"parent":0,"menu_order":0,"comment_status":"closed","ping_status":"closed","template":"","meta":{"footnotes":""},"class_list":["post-3416","page","type-page","status-publish","hentry"],"aioseo_notices":[],"_links":{"self":[{"href":"https:\/\/kdeconcept.com\/fr\/wp-json\/wp\/v2\/pages\/3416","targetHints":{"allow":["GET"]}}],"collection":[{"href":"https:\/\/kdeconcept.com\/fr\/wp-json\/wp\/v2\/pages"}],"about":[{"href":"https:\/\/kdeconcept.com\/fr\/wp-json\/wp\/v2\/types\/page"}],"author":[{"embeddable":true,"href":"https:\/\/kdeconcept.com\/fr\/wp-json\/wp\/v2\/users\/1"}],"replies":[{"embeddable":true,"href":"https:\/\/kdeconcept.com\/fr\/wp-json\/wp\/v2\/comments?post=3416"}],"version-history":[{"count":0,"href":"https:\/\/kdeconcept.com\/fr\/wp-json\/wp\/v2\/pages\/3416\/revisions"}],"wp:attachment":[{"href":"https:\/\/kdeconcept.com\/fr\/wp-json\/wp\/v2\/media?parent=3416"}],"curies":[{"name":"wp","href":"https:\/\/api.w.org\/{rel}","templated":true}]}}