{"id":3363,"date":"2022-12-28T00:34:38","date_gmt":"2022-12-27T23:34:38","guid":{"rendered":"https:\/\/kdeconcept.com\/?page_id=3363"},"modified":"2023-01-03T23:02:14","modified_gmt":"2023-01-03T23:02:14","slug":"donnez-votre-avis-sur-le-stream","status":"publish","type":"page","link":"https:\/\/kdeconcept.com\/fr\/donnez-votre-avis-sur-le-stream\/","title":{"rendered":"Donnez votre avis sur le stream"},"content":{"rendered":"\t\t<div data-elementor-type=\"wp-page\" data-elementor-id=\"3363\" class=\"elementor elementor-3363\">\n\t\t\t\t\t\t<section class=\"elementor-section elementor-top-section elementor-element elementor-element-530f290 elementor-section-boxed elementor-section-height-default elementor-section-height-default\" data-id=\"530f290\" data-element_type=\"section\" data-e-type=\"section\">\n\t\t\t\t\t\t<div class=\"elementor-container elementor-column-gap-default\">\n\t\t\t\t\t<div class=\"elementor-column elementor-col-100 elementor-top-column elementor-element elementor-element-b8f0a79\" data-id=\"b8f0a79\" data-element_type=\"column\" data-e-type=\"column\">\n\t\t\t<div class=\"elementor-widget-wrap elementor-element-populated\">\n\t\t\t\t\t\t<div class=\"elementor-element elementor-element-b30552f elementor-widget elementor-widget-shortcode\" data-id=\"b30552f\" data-element_type=\"widget\" data-e-type=\"widget\" data-widget_type=\"shortcode.default\">\n\t\t\t\t\t\t\t<div class=\"elementor-shortcode\"><div class=\"wpforms-container wpforms-container-full\" id=\"wpforms-3159\"><form id=\"wpforms-form-3159\" class=\"wpforms-validate wpforms-form wpforms-ajax-form\" data-formid=\"3159\" method=\"post\" enctype=\"multipart\/form-data\" action=\"\/fr\/wp-json\/wp\/v2\/pages\/3363\" data-token=\"a5b90a86a6ac5a62ba277a8fc228ad56\" data-token-time=\"1776409201\"><div class=\"wpforms-head-container\"><div class=\"wpforms-title\">R d&#039;autan vous donne la parole<\/div><\/div><noscript class=\"wpforms-error-noscript\">Veuillez activer JavaScript dans votre navigateur pour remplir ce formulaire.<\/noscript><div class=\"wpforms-field-container\"><div id=\"wpforms-3159-field_0-container\" class=\"wpforms-field wpforms-field-name\" data-field-id=\"0\"><label class=\"wpforms-field-label\">Nom <span class=\"wpforms-required-label\">*<\/span><\/label><div class=\"wpforms-field-row wpforms-field-medium\"><div class=\"wpforms-field-row-block wpforms-first wpforms-one-half\"><input type=\"text\" id=\"wpforms-3159-field_0\" class=\"wpforms-field-name-first wpforms-field-required\" name=\"wpforms[fields][0][first]\" required><label for=\"wpforms-3159-field_0\" class=\"wpforms-field-sublabel after\">Pr\u00e9nom<\/label><\/div><div class=\"wpforms-field-row-block wpforms-one-half\"><input type=\"text\" id=\"wpforms-3159-field_0-last\" class=\"wpforms-field-name-last wpforms-field-required\" name=\"wpforms[fields][0][last]\" required><label for=\"wpforms-3159-field_0-last\" class=\"wpforms-field-sublabel after\">Nom<\/label><\/div><\/div><\/div><div id=\"wpforms-3159-field_1-container\" class=\"wpforms-field wpforms-field-email\" data-field-id=\"1\"><label class=\"wpforms-field-label\" for=\"wpforms-3159-field_1\">E-mail <span class=\"wpforms-required-label\">*<\/span><\/label><input type=\"email\" id=\"wpforms-3159-field_1\" class=\"wpforms-field-medium wpforms-field-required\" name=\"wpforms[fields][1]\" spellcheck=\"false\" required><\/div><div id=\"wpforms-3159-field_2-container\" class=\"wpforms-field wpforms-field-textarea\" data-field-id=\"2\"><label class=\"wpforms-field-label\" for=\"wpforms-3159-field_2\">La parole et \u00e0 vous ? <span class=\"wpforms-required-label\">*<\/span><\/label><textarea id=\"wpforms-3159-field_2\" class=\"wpforms-field-medium wpforms-field-required\" name=\"wpforms[fields][2]\" required><\/textarea><\/div><div id=\"wpforms-3159-field_4-container\" class=\"wpforms-field wpforms-field-checkbox\" data-field-id=\"4\"><label class=\"wpforms-field-label\">Cases \u00e0 cocher <span class=\"wpforms-required-label\">*<\/span><\/label><ul id=\"wpforms-3159-field_4\" class=\"wpforms-field-required\"><li class=\"choice-1 depth-1\"><input type=\"checkbox\" id=\"wpforms-3159-field_4_1\" name=\"wpforms[fields][4][]\" value=\"Je veux entrer dans la newsletter\" required ><label class=\"wpforms-field-label-inline\" for=\"wpforms-3159-field_4_1\">Je veux entrer dans la newsletter<\/label><\/li><li class=\"choice-2 depth-1\"><input type=\"checkbox\" id=\"wpforms-3159-field_4_2\" name=\"wpforms[fields][4][]\" value=\"Je ne veux pas entrer dans la newsletter\" required ><label class=\"wpforms-field-label-inline\" for=\"wpforms-3159-field_4_2\">Je ne veux pas entrer dans la newsletter<\/label><\/li><\/ul><\/div><div id=\"wpforms-3159-field_3-container\" class=\"wpforms-field wpforms-field-gdpr-checkbox\" data-field-id=\"3\"><label class=\"wpforms-field-label\">J&#039;Accepte et je consent <span class=\"wpforms-required-label\">*<\/span><\/label><ul id=\"wpforms-3159-field_3\" class=\"wpforms-field-required\"><li class=\"choice-1\"><input type=\"checkbox\" id=\"wpforms-3159-field_3_1\" name=\"wpforms[fields][3][]\" value=\"Je consens \u00e0 ce que ce site stocke mes informations envoy\u00e9es afin qu\u2019ils puissent r\u00e9pondre \u00e0 ma requ\u00eate.\" required ><label class=\"wpforms-field-label-inline\" for=\"wpforms-3159-field_3_1\">Je consens \u00e0 ce que ce site stocke mes informations envoy\u00e9es afin qu\u2019ils puissent r\u00e9pondre \u00e0 ma requ\u00eate.<\/label><\/li><\/ul><\/div><\/div><!-- .wpforms-field-container --><div class=\"wpforms-recaptcha-container wpforms-is-recaptcha wpforms-is-recaptcha-type-v3\" ><input type=\"hidden\" name=\"wpforms[recaptcha]\" value=\"\"><\/div><div class=\"wpforms-submit-container\" ><input type=\"hidden\" name=\"wpforms[id]\" value=\"3159\"><input type=\"hidden\" name=\"page_title\" value=\"\"><input type=\"hidden\" name=\"page_url\" value=\"https:\/\/kdeconcept.com\/fr\/wp-json\/wp\/v2\/pages\/3363\"><input type=\"hidden\" name=\"url_referer\" value=\"\"><span class=\"wpcf7-form-control-wrap cf7ic-wpf kc_captcha\" data-name=\"kc_captcha\"><span class=\"wpcf7-form-control wpcf7-cf7ic\"><span class=\"captcha-image cf7ic-style1\" style=\"border:none;\"><span class=\"cf7ic_instructions\">Veuillez prouver que vous \u00eates humain en s\u00e9lectionnant <span>le drapeau<\/span>:<span class=\"cf7ic-icon-wrapper\"><label><input aria-label=\"1\" type=\"radio\" name=\"kc_captcha\" value=\"54803b3ed0a48413111f1bbc7b2b00206b601bdf3010a2040e7340628e9258d6\" \/><i class=\"fa fa-flag\"><\/i><\/label><label><input aria-label=\"2\" type=\"radio\" name=\"kc_captcha\" value=\"6e4b6bfa1028f6ae0a0a33b79a065ecfb9a5f93257f01f35a3a9c0f994dc0aca\" \/><i class=\"fa fa-star\"><\/i><\/label><label><input aria-label=\"3\" type=\"radio\" name=\"kc_captcha\" value=\"d7d9b17f2793f02d4917cb7d4de9d464ace828efb536ad0f8d2393a975bfd9fd\" \/><i class=\"fa fa-plane\"><\/i><\/label><span aria-hidden=\"true\" class=\"ai1ic-fields\"><input type=\"hidden\" name=\"cf7ic_exists\" value=\"true\"\/><input type=\"hidden\" name=\"kc_key\" value=\"ia4Rh1OurWxROZSfn56T\"><input type=\"text\" name=\"kc_honeypot\" tabindex=\"-1\" value=\"\"><\/span><\/span><\/span><\/span><\/span><\/span><button type=\"submit\" name=\"wpforms[submit]\" id=\"wpforms-submit-3159\" class=\"wpforms-submit\" data-alt-text=\"Envoi...\" data-submit-text=\"Envoyer\" aria-live=\"assertive\" value=\"wpforms-submit\">Envoyer<\/button><img decoding=\"async\" src=\"https:\/\/kdeconcept.com\/wp-content\/plugins\/wpforms\/assets\/images\/submit-spin.svg\" class=\"wpforms-submit-spinner\" style=\"display: none;\" width=\"26\" height=\"26\" alt=\"Chargement en cours\"><\/div><\/form><\/div>  <!-- .wpforms-container --><\/div>\n\t\t\t\t\t\t<\/div>\n\t\t\t\t\t<\/div>\n\t\t<\/div>\n\t\t\t\t\t<\/div>\n\t\t<\/section>\n\t\t\t\t<\/div>\n\t\t","protected":false},"excerpt":{"rendered":"","protected":false},"author":1,"featured_media":0,"parent":0,"menu_order":0,"comment_status":"closed","ping_status":"closed","template":"elementor_theme","meta":{"footnotes":""},"class_list":["post-3363","page","type-page","status-publish","hentry"],"aioseo_notices":[],"_links":{"self":[{"href":"https:\/\/kdeconcept.com\/fr\/wp-json\/wp\/v2\/pages\/3363","targetHints":{"allow":["GET"]}}],"collection":[{"href":"https:\/\/kdeconcept.com\/fr\/wp-json\/wp\/v2\/pages"}],"about":[{"href":"https:\/\/kdeconcept.com\/fr\/wp-json\/wp\/v2\/types\/page"}],"author":[{"embeddable":true,"href":"https:\/\/kdeconcept.com\/fr\/wp-json\/wp\/v2\/users\/1"}],"replies":[{"embeddable":true,"href":"https:\/\/kdeconcept.com\/fr\/wp-json\/wp\/v2\/comments?post=3363"}],"version-history":[{"count":0,"href":"https:\/\/kdeconcept.com\/fr\/wp-json\/wp\/v2\/pages\/3363\/revisions"}],"wp:attachment":[{"href":"https:\/\/kdeconcept.com\/fr\/wp-json\/wp\/v2\/media?parent=3363"}],"curies":[{"name":"wp","href":"https:\/\/api.w.org\/{rel}","templated":true}]}}