{"id":2934,"date":"2022-12-11T02:03:13","date_gmt":"2022-12-11T01:03:13","guid":{"rendered":"https:\/\/kdeconcept.com\/?page_id=2934"},"modified":"2022-12-11T17:18:56","modified_gmt":"2022-12-11T16:18:56","slug":"telechargement","status":"publish","type":"page","link":"https:\/\/kdeconcept.com\/fr\/telechargement\/","title":{"rendered":"T\u00e9l\u00e9chargement"},"content":{"rendered":"<p style=\"text-align: center;\">Cette partie du site est faite pour vous. Envoyez vos sets et nous les diffuserons lors de nos \u00e9missions diff\u00e9r\u00e9es qui ont lieu un vendredi sur deux.<\/p>\n<p style=\"text-align: center;\"><div class=\"forminator-ui forminator-custom-form forminator-custom-form-2933 forminator-design--default  forminator_ajax\" data-forminator-render=\"0\" data-form=\"forminator-module-2933\" data-uid=\"69fb2c5f95d70\"><br\/><\/div><form\n\t\t\t\tid=\"forminator-module-2933\"\n\t\t\t\tclass=\"forminator-ui forminator-custom-form forminator-custom-form-2933 forminator-design--default  forminator_ajax\"\n\t\t\t\tmethod=\"post\"\n\t\t\t\tdata-forminator-render=\"0\"\n\t\t\t\tdata-form-id=\"2933\"\n\t\t\t\tenctype=\"multipart\/form-data\" data-color-option=\"default\" data-design=\"default\" data-grid=\"open\" style=\"display: none;\"\n\t\t\t\tdata-uid=\"69fb2c5f95d70\"\n\t\t\t><div role=\"alert\" aria-live=\"polite\" class=\"forminator-response-message forminator-error\" aria-hidden=\"true\"><\/div><div class=\"forminator-row\"><div id=\"name-1\" class=\"forminator-field-name forminator-col forminator-col-6 \"><div class=\"forminator-field\"><label for=\"forminator-field-name-1_69fb2c5f95d70\" id=\"forminator-field-name-1_69fb2c5f95d70-label\" class=\"forminator-label\">Nom <span class=\"forminator-required\">*<\/span><\/label><input type=\"text\" name=\"name-1\" value=\"\" placeholder=\"\" id=\"forminator-field-name-1_69fb2c5f95d70\" class=\"forminator-input forminator-name--field\" aria-required=\"true\" autocomplete=\"name\" \/><\/div><\/div><div id=\"name-2\" class=\"forminator-field-name forminator-col forminator-col-6 \"><div class=\"forminator-row forminator-no-margin\" data-multiple=\"true\"><div class=\"forminator-col forminator-col-md-6\"><div class=\"forminator-field\"><label for=\"forminator-field-first-name-2_69fb2c5f95d70\" id=\"forminator-field-first-name-2_69fb2c5f95d70-label\" class=\"forminator-label\">Pr\u00e9nom <span class=\"forminator-required\">*<\/span><\/label><input type=\"text\" name=\"name-2-first-name\" placeholder=\"\" id=\"forminator-field-first-name-2_69fb2c5f95d70\" class=\"forminator-input\" aria-required=\"true\" data-multi=\"1\" autocomplete=\"given-name\" value=\"\" \/><\/div><\/div><div class=\"forminator-col forminator-col-md-6\"><div class=\"forminator-field\"><label for=\"forminator-field-middle-name-2_69fb2c5f95d70\" id=\"forminator-field-middle-name-2_69fb2c5f95d70-label\" class=\"forminator-label\">Nom de DJ<\/label><input type=\"text\" name=\"name-2-middle-name\" placeholder=\"\" id=\"forminator-field-middle-name-2_69fb2c5f95d70\" class=\"forminator-input\" aria-required=\"false\" data-multi=\"1\" autocomplete=\"additional-name\" value=\"\" \/><\/div><\/div><\/div><\/div><\/div><div class=\"forminator-row\"><div id=\"email-1\" class=\"forminator-field-email forminator-col forminator-col-6 \"><div class=\"forminator-field\"><label for=\"forminator-field-email-1_69fb2c5f95d70\" id=\"forminator-field-email-1_69fb2c5f95d70-label\" class=\"forminator-label\">Adresse de messagerie <span class=\"forminator-required\">*<\/span><\/label><input type=\"email\" name=\"email-1\" value=\"\" placeholder=\"\" id=\"forminator-field-email-1_69fb2c5f95d70\" class=\"forminator-input forminator-email--field\" data-required=\"1\" aria-required=\"true\" autocomplete=\"email\" \/><\/div><\/div><div id=\"url-1\" class=\"forminator-field-url forminator-col forminator-col-6 \"><div class=\"forminator-field\"><label for=\"forminator-field-url-1_69fb2c5f95d70\" id=\"forminator-field-url-1_69fb2c5f95d70-label\" class=\"forminator-label\">Site web ou votre r\u00e9seaux social<\/label><input type=\"url\" name=\"url-1\" value=\"\" placeholder=\"\" id=\"forminator-field-url-1_69fb2c5f95d70\" class=\"forminator-input forminator-website--field\" data-required=\"\" aria-required=\"false\" aria-describedby=\"forminator-field-url-1_69fb2c5f95d70-description\" \/><span id=\"forminator-field-url-1_69fb2c5f95d70-description\" class=\"forminator-description\">Facebook, Twitter Instagram etc...<\/span><\/div><\/div><\/div><div class=\"forminator-row\"><div id=\"date-1\" class=\"forminator-field-date forminator-col forminator-col-6 \"><div class=\"forminator-field\"><label for=\"forminator-field-date-1-picker_69fb2c5f95d70\" id=\"forminator-field-date-1-picker_69fb2c5f95d70-label\" class=\"forminator-label\">Date <span class=\"forminator-required\">*<\/span><\/label><div class=\"forminator-input-with-icon\"><span class=\"forminator-icon-calendar\" aria-hidden=\"true\"><\/span><input autocomplete=\"off\" type=\"text\" size=\"1\" name=\"date-1\" value=\"09\/12\/2022\" placeholder=\"Choisissez une date\" id=\"forminator-field-date-1-picker_69fb2c5f95d70\" class=\"forminator-input forminator-datepicker\" data-required=\"1\" data-format=\"dd\/mm\/yy\" data-restrict-type=\"\" data-restrict=\"\" data-start-year=\"1926\" data-end-year=\"2126\" data-past-dates=\"enable\" data-start-of-week=\"1\" data-start-date=\"\" data-end-date=\"\" data-start-field=\"\" data-end-field=\"\" data-start-offset=\"\" data-end-offset=\"\" data-disable-date=\"\" data-disable-range=\"\" aria-describedby=\"forminator-field-date-1-picker_69fb2c5f95d70-description\" \/><\/div><span id=\"forminator-field-date-1-picker_69fb2c5f95d70-description\" class=\"forminator-description\">Choisir une date de diffusion<\/span><\/div><\/div><div id=\"upload-1\" class=\"forminator-field-upload forminator-col forminator-col-6 \"><div class=\"forminator-field\"><label for=\"forminator-field-upload-1_69fb2c5f95d70\" id=\"forminator-field-upload-1_69fb2c5f95d70-label\" class=\"forminator-label\">T\u00e9l\u00e9verser un fichier <span class=\"forminator-required\">*<\/span><\/label><div class=\"forminator-file-upload \" data-element=\"upload-1_69fb2c5f95d70\" aria-describedby=\"forminator-field-upload-1_69fb2c5f95d70-description\"><input type=\"file\" name=\"upload-1\" id=\"forminator-field-upload-1_69fb2c5f95d70\" class=\"forminator-input-file-required do-validate\" accept=\".jpg,.jpeg,.jpe,.gif,.png,.bmp,.tiff,.tif,.webp,.ico,.heic,.mp3,.m4a,.m4b,.tar,.zip,.gz,.gzip,.7z,.psd,.xcf\" tabindex=\"-1\"><button id=\"forminator-field-upload-1_69fb2c5f95d70_button\" class=\"forminator-button forminator-button-upload\" data-id=\"forminator-field-upload-1_69fb2c5f95d70\">Choisissez un fichier<\/button><span data-empty-text=\"Aucun fichier s\u00e9lectionn\u00e9\">Aucun fichier s\u00e9lectionn\u00e9<\/span><button class=\"forminator-button-delete\" style=\"display: none;\"><i class=\"forminator-icon-close\" aria-hidden=\"true\"><\/i><span class=\"forminator-screen-reader-only\">Supprimer le fichier t\u00e9l\u00e9vers\u00e9<\/span><\/button><\/div><span id=\"forminator-field-upload-1_69fb2c5f95d70-description\" class=\"forminator-description\">Format requis MP3 320-48 000\/KBITS Votre fichier ne doit pas d\u00e9passer 130 Mo<\/span><\/div><\/div><\/div><div class=\"forminator-row\"><div id=\"textarea-1\" class=\"forminator-field-textarea forminator-col forminator-col-6 \"><div class=\"forminator-field\"><label for=\"forminator-field-textarea-1_69fb2c5f95d70\" id=\"forminator-field-textarea-1_69fb2c5f95d70-label\" class=\"forminator-label\">Saisir votre style <span class=\"forminator-required\">*<\/span><\/label><div id=\"wp-forminator-wp-editor-forminator-field-textarea-1_69fb2c5f95d70-wrap\" class=\"wp-core-ui wp-editor-wrap tmce-active\"><link rel='stylesheet' id='dashicons-css' href='https:\/\/kdeconcept.com\/wp-includes\/css\/dashicons.min.css?ver=6.9.4' type='text\/css' media='all' \/>\n<link rel='stylesheet' id='editor-buttons-css' href='https:\/\/kdeconcept.com\/wp-includes\/css\/editor.min.css?ver=6.9.4' type='text\/css' media='all' \/>\n<div id=\"wp-forminator-wp-editor-forminator-field-textarea-1_69fb2c5f95d70-editor-tools\" class=\"wp-editor-tools hide-if-no-js\"><div class=\"wp-editor-tabs\"><button type=\"button\" id=\"forminator-wp-editor-forminator-field-textarea-1_69fb2c5f95d70-tmce\" aria-pressed=\"true\" class=\"wp-switch-editor switch-tmce\" data-wp-editor-id=\"forminator-wp-editor-forminator-field-textarea-1_69fb2c5f95d70\">Visuel<\/button>\n<button type=\"button\" id=\"forminator-wp-editor-forminator-field-textarea-1_69fb2c5f95d70-html\" class=\"wp-switch-editor switch-html\" data-wp-editor-id=\"forminator-wp-editor-forminator-field-textarea-1_69fb2c5f95d70\">Code<\/button>\n<\/div>\n<\/div>\n<div id=\"wp-forminator-wp-editor-forminator-field-textarea-1_69fb2c5f95d70-editor-container\" class=\"wp-editor-container\"><div id=\"qt_forminator-wp-editor-forminator-field-textarea-1_69fb2c5f95d70_toolbar\" class=\"quicktags-toolbar hide-if-no-js\"><\/div><textarea class=\"forminator-textarea do-validate forminator-wp-editor-required wp-editor-area\" style=\"height: 140px\" autocomplete=\"off\" cols=\"40\" name=\"textarea-1\" id=\"forminator-wp-editor-forminator-field-textarea-1_69fb2c5f95d70\"><\/textarea><\/div>\n<\/div>\n\n<\/div><\/div><div id=\"captcha-1\" class=\"forminator-field-captcha forminator-col forminator-col-6 \"><div class=\"forminator-captcha-left forminator-g-recaptcha\" data-theme=\"light\"  data-sitekey=\"6LcDPqEiAAAAALx8D6o1mgPG7q2Bup6azrrIfSle\" data-size=\"normal\"><\/div> <\/div><\/div><input type=\"hidden\" name=\"referer_url\" value=\"\" \/><div class=\"forminator-row forminator-row-last\"><div class=\"forminator-col\"><div class=\"forminator-field\"><button class=\"forminator-button forminator-button-submit\">Envoyer le message<\/button><\/div><\/div><\/div><input type=\"hidden\" id=\"forminator_nonce\" name=\"forminator_nonce\" value=\"acdb4008cb\" \/><input type=\"hidden\" name=\"_wp_http_referer\" value=\"\/fr\/wp-json\/wp\/v2\/pages\/2934\" \/><input type=\"hidden\" name=\"form_id\" value=\"2933\"><input type=\"hidden\" name=\"page_id\" value=\"2934\"><input type=\"hidden\" name=\"form_type\" value=\"default\"><input type=\"hidden\" name=\"current_url\" value=\"https:\/\/kdeconcept.com\/fr\/telechargement\/\"><input type=\"hidden\" name=\"render_id\" value=\"0\"><input type=\"hidden\" name=\"action\" value=\"forminator_submit_form_custom-forms\"><\/form><\/p>\n","protected":false},"excerpt":{"rendered":"<p>Cette partie du site est faite pour vous. Envoyez vos sets et nous les diffuserons lors de nos \u00e9missions diff\u00e9r\u00e9es qui ont lieu un vendredi sur deux.<\/p>\n","protected":false},"author":1,"featured_media":0,"parent":0,"menu_order":0,"comment_status":"closed","ping_status":"closed","template":"","meta":{"footnotes":""},"class_list":["post-2934","page","type-page","status-publish","hentry"],"aioseo_notices":[],"_links":{"self":[{"href":"https:\/\/kdeconcept.com\/fr\/wp-json\/wp\/v2\/pages\/2934","targetHints":{"allow":["GET"]}}],"collection":[{"href":"https:\/\/kdeconcept.com\/fr\/wp-json\/wp\/v2\/pages"}],"about":[{"href":"https:\/\/kdeconcept.com\/fr\/wp-json\/wp\/v2\/types\/page"}],"author":[{"embeddable":true,"href":"https:\/\/kdeconcept.com\/fr\/wp-json\/wp\/v2\/users\/1"}],"replies":[{"embeddable":true,"href":"https:\/\/kdeconcept.com\/fr\/wp-json\/wp\/v2\/comments?post=2934"}],"version-history":[{"count":0,"href":"https:\/\/kdeconcept.com\/fr\/wp-json\/wp\/v2\/pages\/2934\/revisions"}],"wp:attachment":[{"href":"https:\/\/kdeconcept.com\/fr\/wp-json\/wp\/v2\/media?parent=2934"}],"curies":[{"name":"wp","href":"https:\/\/api.w.org\/{rel}","templated":true}]}}