{"id":1935,"date":"2022-10-08T19:52:17","date_gmt":"2022-10-08T17:52:17","guid":{"rendered":"https:\/\/kdeconcept.com\/?page_id=1935"},"modified":"2023-02-13T19:41:03","modified_gmt":"2023-02-13T18:41:03","slug":"a-propos-de-kde-concept","status":"publish","type":"page","link":"https:\/\/kdeconcept.com\/fr\/a-propos-de-kde-concept\/","title":{"rendered":"A propos"},"content":{"rendered":"\t\t<div data-elementor-type=\"wp-page\" data-elementor-id=\"1935\" class=\"elementor elementor-1935\">\n\t\t\t\t\t\t<section class=\"elementor-section elementor-top-section elementor-element elementor-element-6bcd8efe elementor-section-boxed elementor-section-height-default elementor-section-height-default\" data-id=\"6bcd8efe\" data-element_type=\"section\" data-e-type=\"section\">\n\t\t\t\t\t\t<div class=\"elementor-container elementor-column-gap-default\">\n\t\t\t\t\t<div class=\"elementor-column elementor-col-100 elementor-top-column elementor-element elementor-element-3f830561\" data-id=\"3f830561\" data-element_type=\"column\" data-e-type=\"column\">\n\t\t\t<div class=\"elementor-widget-wrap elementor-element-populated\">\n\t\t\t\t\t\t<div class=\"elementor-element elementor-element-252d074c elementor-drop-cap-yes elementor-drop-cap-view-default elementor-widget elementor-widget-text-editor\" data-id=\"252d074c\" data-element_type=\"widget\" data-e-type=\"widget\" data-settings=\"{&quot;drop_cap&quot;:&quot;yes&quot;}\" data-widget_type=\"text-editor.default\">\n\t\t\t\t\t\t\t\t\t<p>Bienvenue sur KDECONCEPT.COM, le site d\u00e9di\u00e9 \u00e0 la musique \u00e9lectronique et \u00e0 l&#8217;\u00e9mission de radio en direct. Nous sommes fiers d&#8217;\u00eatre une association reconnue LOI 1901, KOR-DELI-TE, qui \u0153uvre depuis plusieurs ann\u00e9es pour faire la promotion de la musique \u00e9lectronique non commerciale, loin des sons que l&#8217;on peut entendre dans les radios commerciales.<\/p>\n<p>Notre \u00e9mission de radio en direct, diffus\u00e9e une semaine sur deux, est bas\u00e9e sur le mix et donne la parole \u00e0 des DJs talentueux qui se succ\u00e8dent pour partager leurs sons uniques et cr\u00e9atifs. Nous croyons que la musique \u00e9lectronique m\u00e9rite d&#8217;\u00eatre entendue et appr\u00e9ci\u00e9e pour ce qu&#8217;elle est, et c&#8217;est pourquoi nous travaillons dur pour donner une plateforme \u00e0 des artistes talentueux et passionn\u00e9s.<\/p>\n<p>La musique techno existe depuis bient\u00f4t 30 ans, et nous sommes fiers de contribuer \u00e0 sa promotion et \u00e0 sa diffusion en offrant une plateforme pour les artistes et les fans de cette sc\u00e8ne musicale vibrante. Nous croyons que la musique est une forme d&#8217;expression artistique qui peut inspirer et unir les gens, et nous sommes d\u00e9termin\u00e9s \u00e0 cr\u00e9er une communaut\u00e9 en ligne qui partage cette passion pour la musique \u00e9lectronique.<\/p>\n<p>Sur KDECONCEPT.COM, vous trouverez des informations sur nos \u00e9missions de radio en direct, nos projets et initiatives, ainsi que des articles sur l&#8217;actualit\u00e9 de la musique \u00e9lectronique et des interviews avec des DJs et des artistes talentueux. Nous sommes toujours \u00e0 l&#8217;\u00e9coute de vos commentaires et de vos suggestions, alors n&#8217;h\u00e9sitez pas \u00e0 nous contacter si vous avez des questions ou si vous souhaitez en savoir plus sur notre association.<\/p>\n<p>Rejoignez-nous dans notre mission pour faire la promotion de la musique \u00e9lectronique non commerciale, et d\u00e9couvrez comment nous pouvons ensemble c\u00e9l\u00e9brer la musique et les artistes qui nous inspirent. Nous sommes impatients de vous accueillir dans notre communaut\u00e9!<\/p>\n<p>Nos \u00e9missions sont diffus\u00e9es chaque vendredi avec : *KDE l&#8217;Emission*: de 21h \u00e0 00h00, qui a le grand plaisir de vous proposer des sets jou\u00e9s en LIVE, en studio, une semaine sur deux. L&#8217;autre semaine, nous diffusons des mixs ou lives s\u00e9lectionn\u00e9s par l\u2019\u00e9quipe. *Radioland*, prend le relais de 00h00 \u00e0 1h00 pour des sessions ambient et musique exp\u00e9rimentales. Vous pouvez nous \u00e9couter de diff\u00e9rentes fa\u00e7ons : Sur les ondes: Castres: 102.8 &#8211; Gaillac: 100.2 Lavaur: 105.1 Sur notre site: <a href=\"http:\/\/www.rdautan.fr\/\">R d&#8217;autan<\/a> Nos \u00e9missions sont disponibles en podcast apr\u00e8s leurs diffusions via le site de la radio, sur Hearthis ainsi que sur notre chaine YouTube:<\/p>\n<!-- \/wp:paragraph --><!-- wp:paragraph --><!-- \/wp:paragraph --><!-- wp:paragraph -->\n<p>De nombreux projets sont en cours, pensez \u00e0 vous abonner \u00e0 notre page pour rester inform\u00e9 de notre actualit\u00e9 \ud83d\ude09<\/p>\n<p>Rejoignez-nous dans notre mission pour faire la promotion de la musique \u00e9lectronique non commerciale, et d\u00e9couvrez comment nous pouvons ensemble c\u00e9l\u00e9brer la musique et les artistes qui nous inspirent. N&#8217;h\u00e9sitez pas \u00e0 vous joindre \u00e0 nous sur nos r\u00e9seaux sociaux HEATHIS pour \u00e9couter nos \u00e9missions et nos vid\u00e9os sur YouTube. Nous sommes impatients de vous accueillir dans notre communaut\u00e9!<\/p>\n<p style=\"text-align: right;\"><a href=\"https:\/\/www.youtube.com\/channel\/UCCbf3Pqgvd3eHFQtO6gDqcw\">YouTube<\/a> <a href=\"https:\/\/hearthis.at\/kde-concept-pi\/\">Hearthis<\/a><\/p>\t\t\t\t\t\t\t\t<\/div>\n\t\t\t\t\t<\/div>\n\t\t<\/div>\n\t\t\t\t\t<\/div>\n\t\t<\/section>\n\t\t\t\t<\/div>\n\t\t","protected":false},"excerpt":{"rendered":"<p>Bienvenue sur KDECONCEPT.COM, le site d\u00e9di\u00e9 \u00e0 la musique \u00e9lectronique et \u00e0 l&#8217;\u00e9mission de radio en direct. Nous sommes fiers d&#8217;\u00eatre une association reconnue LOI 1901, KOR-DELI-TE, qui \u0153uvre depuis plusieurs ann\u00e9es pour faire la promotion de la musique \u00e9lectronique non commerciale, loin des sons que l&#8217;on peut entendre dans les radios commerciales. Notre \u00e9mission [&hellip;]<\/p>\n","protected":false},"author":1,"featured_media":0,"parent":0,"menu_order":0,"comment_status":"closed","ping_status":"closed","template":"elementor_theme","meta":{"footnotes":""},"class_list":["post-1935","page","type-page","status-publish","hentry"],"aioseo_notices":[],"_links":{"self":[{"href":"https:\/\/kdeconcept.com\/fr\/wp-json\/wp\/v2\/pages\/1935","targetHints":{"allow":["GET"]}}],"collection":[{"href":"https:\/\/kdeconcept.com\/fr\/wp-json\/wp\/v2\/pages"}],"about":[{"href":"https:\/\/kdeconcept.com\/fr\/wp-json\/wp\/v2\/types\/page"}],"author":[{"embeddable":true,"href":"https:\/\/kdeconcept.com\/fr\/wp-json\/wp\/v2\/users\/1"}],"replies":[{"embeddable":true,"href":"https:\/\/kdeconcept.com\/fr\/wp-json\/wp\/v2\/comments?post=1935"}],"version-history":[{"count":0,"href":"https:\/\/kdeconcept.com\/fr\/wp-json\/wp\/v2\/pages\/1935\/revisions"}],"wp:attachment":[{"href":"https:\/\/kdeconcept.com\/fr\/wp-json\/wp\/v2\/media?parent=1935"}],"curies":[{"name":"wp","href":"https:\/\/api.w.org\/{rel}","templated":true}]}}