{"id":1680,"date":"2022-10-03T00:00:19","date_gmt":"2022-10-03T00:00:19","guid":{"rendered":"https:\/\/kdeconcept.com\/?page_id=1680"},"modified":"2022-12-15T18:28:23","modified_gmt":"2022-12-15T17:28:23","slug":"radioland","status":"publish","type":"page","link":"https:\/\/kdeconcept.com\/fr\/radioland\/","title":{"rendered":"Radioland"},"content":{"rendered":"\t\t<div data-elementor-type=\"wp-page\" data-elementor-id=\"1680\" class=\"elementor elementor-1680\">\n\t\t\t\t\t\t<section class=\"elementor-section elementor-top-section elementor-element elementor-element-52f66039 elementor-section-boxed elementor-section-height-default elementor-section-height-default\" data-id=\"52f66039\" data-element_type=\"section\" data-e-type=\"section\">\n\t\t\t\t\t\t<div class=\"elementor-container elementor-column-gap-default\">\n\t\t\t\t\t<div class=\"elementor-column elementor-col-100 elementor-top-column elementor-element elementor-element-a7eaedd\" data-id=\"a7eaedd\" data-element_type=\"column\" data-e-type=\"column\">\n\t\t\t<div class=\"elementor-widget-wrap elementor-element-populated\">\n\t\t\t\t\t\t<div class=\"elementor-element elementor-element-4de112fd elementor-drop-cap-yes elementor-drop-cap-view-default elementor-widget elementor-widget-text-editor\" data-id=\"4de112fd\" data-element_type=\"widget\" data-e-type=\"widget\" data-settings=\"{&quot;drop_cap&quot;:&quot;yes&quot;}\" data-widget_type=\"text-editor.default\">\n\t\t\t\t\t\t\t\t\t\n<p><strong><a href=\"https:\/\/hearthis.at\/ambient.manta\/#tracks\">Tous les samedis de 00h \u00e0 01h<\/a><\/strong> Apr\u00e8s L&#8217;\u00e9mission de KDE L&#8217;EMISSION<\/p>\n<p>Since 2008, Radioland is a musical program mainly focused on Ambient music and its variations such as Dark Ambient, Drone, Ambient Dun, Space Ambient, Psybient, Chill-out&#8230;<\/p>\n<p>It is broadcast every Friday night from 00:00 am to 1:00 am on the radio Rd&#8217;autan, located in Lavaur (Tarn, France).<\/p>\n<p>You can listen to the live broadcast via the waves (100.2 fm in Gaillac, 102.8 fm in Castres &amp; 105.1 fm in Lavaur), or live on the radio site Rd&#8217;autan (www.Rdautan.fr).<\/p>\n<p>Whether you&#8217;re mixing ambient or playing Ambient live, let me know if you&#8217;d like to be featured on the show next season.<\/p>\n<p>Good listening and good trip with Radioland \ud83d\ude42<\/p>\n<p>Depuis 2008, Radioland est une \u00e9mission musicale principalement ax\u00e9e sur la musique Ambient et ses variantes tel que Dark Ambient, Drone, Ambient Dub, Space Ambient, Psybient ou encore Chill-out&#8230;<\/p>\n<p>Elle est Diffus\u00e9e tous les vendredi soir de minuit \u00e0 01H00 du matin, sur les ondes de la radio Rd&#8217;autan, situ\u00e9e \u00e0 Lavaur dans le Tarn.<\/p>\n<p>Vous pouvez \u00e9couter l&#8217;\u00e9mission en direct via les ondes (100.2 fm \u00e0 Gaillac, 102.8 fm \u00e0 Castres &amp; 105.1 fm \u00e0 Lavaur), ou en direct par le site de la radio Rd&#8217;autan (<a href=\"http:\/\/www.rdautan.fr\">www.Rdautan.fr<\/a>).et <a href=\"https:\/\/kdeconcept.com\/\">https:\/\/kdeconcept.com\/<\/a><\/p>\n<p>Que vous mixiez de l&#8217;ambient ou que vous jouez live Ambient, faites- moi si signe si vous souhaitez \u00eatre diffus\u00e9 dans l&#8217;\u00e9mission la saison prochaine.<\/p>\n<p>Bonne \u00e9coute et bon voyage avec Radioland \ud83d\ude42<\/p>\n<p><iframe id=\"hearthis_at_user_ambient.manta\" src=\"https:\/\/hearthis.at\/ambient.manta\/embed\/\" width=\"100%\" height=\"350\" frameborder=\"0\" scrolling=\"no\"><\/iframe><\/p>\n\t\t\t\t\t\t\t\t<\/div>\n\t\t\t\t\t<\/div>\n\t\t<\/div>\n\t\t\t\t\t<\/div>\n\t\t<\/section>\n\t\t\t\t<\/div>\n\t\t","protected":false},"excerpt":{"rendered":"<p>Tous les samedis de 00h \u00e0 01h Apr\u00e8s L&#8217;\u00e9mission de KDE L&#8217;EMISSION Since 2008, Radioland is a musical program mainly focused on Ambient music and its variations such as Dark Ambient, Drone, Ambient Dun, Space Ambient, Psybient, Chill-out&#8230; It is broadcast every Friday night from 00:00 am to 1:00 am on the radio Rd&#8217;autan, located [&hellip;]<\/p>\n","protected":false},"author":1,"featured_media":0,"parent":0,"menu_order":0,"comment_status":"closed","ping_status":"closed","template":"elementor_theme","meta":{"footnotes":""},"class_list":["post-1680","page","type-page","status-publish","hentry"],"aioseo_notices":[],"_links":{"self":[{"href":"https:\/\/kdeconcept.com\/fr\/wp-json\/wp\/v2\/pages\/1680","targetHints":{"allow":["GET"]}}],"collection":[{"href":"https:\/\/kdeconcept.com\/fr\/wp-json\/wp\/v2\/pages"}],"about":[{"href":"https:\/\/kdeconcept.com\/fr\/wp-json\/wp\/v2\/types\/page"}],"author":[{"embeddable":true,"href":"https:\/\/kdeconcept.com\/fr\/wp-json\/wp\/v2\/users\/1"}],"replies":[{"embeddable":true,"href":"https:\/\/kdeconcept.com\/fr\/wp-json\/wp\/v2\/comments?post=1680"}],"version-history":[{"count":0,"href":"https:\/\/kdeconcept.com\/fr\/wp-json\/wp\/v2\/pages\/1680\/revisions"}],"wp:attachment":[{"href":"https:\/\/kdeconcept.com\/fr\/wp-json\/wp\/v2\/media?parent=1680"}],"curies":[{"name":"wp","href":"https:\/\/api.w.org\/{rel}","templated":true}]}}