{"id":1425,"date":"2022-10-02T00:05:41","date_gmt":"2022-10-02T00:05:41","guid":{"rendered":"https:\/\/kdeconcept.com\/?page_id=1425"},"modified":"2022-10-23T17:40:58","modified_gmt":"2022-10-23T15:40:58","slug":"newsletter-kde-concept","status":"publish","type":"page","link":"https:\/\/kdeconcept.com\/fr\/newsletter-kde-concept\/","title":{"rendered":"Bulletin"},"content":{"rendered":"\n<p>Inscrivez-vous pour nos actus<\/p>\n\n\n  \n  \n  <div class=\"\n    mailpoet_form_popup_overlay\n      \"><\/div>\n  <div\n    id=\"mailpoet_form_2\"\n    class=\"\n      mailpoet_form\n      mailpoet_form_html\n      mailpoet_form_position_\n      mailpoet_form_animation_\n    \"\n      >\n\n    <style type=\"text\/css\">\n     #mailpoet_form_2 .grecaptcha-badge { display: none; }#mailpoet_form_2{border-radius: 25px;text-align: center;}#mailpoet_form_2 form.mailpoet_form {padding: 40px;}#mailpoet_form_2{width: 100%;}#mailpoet_form_2 .mailpoet_message {margin: 0; padding: 0 20px;}\n        #mailpoet_form_2 .mailpoet_validate_success {color: #00d084}\n        #mailpoet_form_2 input.parsley-success {color: #00d084}\n        #mailpoet_form_2 select.parsley-success {color: #00d084}\n        #mailpoet_form_2 textarea.parsley-success {color: #00d084}\n      \n        #mailpoet_form_2 .mailpoet_validate_error {color: #cf2e2e}\n        #mailpoet_form_2 input.parsley-error {color: #cf2e2e}\n        #mailpoet_form_2 select.parsley-error {color: #cf2e2e}\n        #mailpoet_form_2 textarea.textarea.parsley-error {color: #cf2e2e}\n        #mailpoet_form_2 .parsley-errors-list {color: #cf2e2e}\n        #mailpoet_form_2 .parsley-required {color: #cf2e2e}\n        #mailpoet_form_2 .parsley-custom-error-message {color: #cf2e2e}\n      #mailpoet_form_2 .mailpoet_paragraph.last {margin-bottom: 0} @media (max-width: 500px) {#mailpoet_form_2 {background-image: none;}} @media (min-width: 500px) {#mailpoet_form_2 .last .mailpoet_paragraph:last-child {margin-bottom: 0}}  @media (max-width: 500px) {#mailpoet_form_2 .mailpoet_form_column:last-child .mailpoet_paragraph:last-child {margin-bottom: 0}} \n    <\/style>\n\n    <form\n      target=\"_self\"\n      method=\"post\"\n      action=\"https:\/\/kdeconcept.com\/wp-admin\/admin-post.php?action=mailpoet_subscription_form\"\n      class=\"mailpoet_form mailpoet_form_form mailpoet_form_html\"\n      novalidate\n      data-delay=\"\"\n      data-exit-intent-enabled=\"\"\n      data-font-family=\"\"\n      data-cookie-expiration-time=\"\"\n    >\n      <input type=\"hidden\" name=\"data[form_id]\" value=\"2\" \/>\n      <input type=\"hidden\" name=\"token\" value=\"b040527f42\" \/>\n      <input type=\"hidden\" name=\"api_version\" value=\"v1\" \/>\n      <input type=\"hidden\" name=\"endpoint\" value=\"subscribers\" \/>\n      <input type=\"hidden\" name=\"mailpoet_method\" value=\"subscribe\" \/>\n\n      <label class=\"mailpoet_hp_email_label\" style=\"display: none !important;\">Veuillez laisser ce champ vide<input type=\"email\" name=\"data[email]\"\/><\/label><div class='mailpoet_spacer' style='height: 1px;'><\/div>\n<h1 class=\"mailpoet-heading \" style=\"text-align: left\"><span style=\"font-family: Verdana\" data-font=\"Verdana\" class=\"mailpoet-has-font\"><strong><em>Newsletter<\/em><\/strong><\/span> &#8211; <strong><span style=\"font-family: Comic Sans MS\" data-font=\"Comic Sans MS\" class=\"mailpoet-has-font\">KDE CONCEPT<\/span><\/strong><\/h1>\n<div class='mailpoet_spacer' style='height: 1px;'><\/div>\n<p class=\"mailpoet_form_paragraph \" style=\"text-align: left\"><strong><em>V\u00e9rifiez votre boite de r\u00e9ception ou votre r\u00e9pertoire d\u2019ind\u00e9sirables pour confirmer votre abonnement.<\/em><\/strong><\/p>\n<div class=\"mailpoet_paragraph \"><label for=\"form_last_name_2\" class=\"mailpoet_text_label\" style=\"font-size: 16px;line-height: 1.2;\" data-automation-id=\"form_last_name_label\" >Nom <span class=\"mailpoet_required\" aria-hidden=\"true\">*<\/span><\/label><input type=\"text\" autocomplete=\"family-name\" class=\"mailpoet_text\" id=\"form_last_name_2\" name=\"data[form_field_NmE0NjJjNjg5MDgxX2xhc3RfbmFtZQ==]\" title=\"Nom\" value=\"\" style=\"width:100%;box-sizing:border-box;background-color:#f3f3f3;border-style:solid;border-radius:40px !important;border-width:1px;border-color:#313131;padding:6px;margin: 0 auto;font-family:&#039;Montserrat&#039;;font-size:16px;line-height:1.5;height:auto;\" data-automation-id=\"form_last_name\" data-parsley-errors-container=\".mailpoet_error_3s9h1\" data-parsley-names='[&quot;Veuillez sp\u00e9cifier un nom valide.&quot;,&quot;Les adresses dans les noms ne sont pas autoris\u00e9es, veuillez ajouter votre nom \u00e0 la place.&quot;]' data-parsley-required=\"true\" required aria-required=\"true\" data-parsley-required-message=\"Ce champ est n\u00e9cessaire.\"\/><span class=\"mailpoet_error_3s9h1\"><\/span><\/div>\n<div class=\"mailpoet_paragraph \"><label for=\"form_2_2\" class=\"mailpoet_text_label\" style=\"font-size: 16px;line-height: 1.2;font-weight: bold;\">Votre nom de DJ<\/label><input type=\"text\" autocomplete=\"on\" class=\"mailpoet_text\" id=\"form_2_2\" name=\"data[cf_2]\" title=\"Votre nom de DJ\" value=\"\" style=\"width:100%;box-sizing:border-box;background-color:#f6f6f6;border-style:solid;border-radius:40px !important;border-width:1px;border-color:#313131;padding:6px;margin: 0 auto;font-family:&#039;Montserrat&#039;;font-size:16px;line-height:1.5;height:auto;\"  data-parsley-errors-container=\".mailpoet_error_16zx3\"\/><span class=\"mailpoet_error_16zx3\"><\/span><\/div>\n<div class=\"mailpoet_paragraph \"><label for=\"form_first_name_2\" class=\"mailpoet_text_label\" style=\"font-size: 16px;line-height: 1.2;font-weight: bold;\" data-automation-id=\"form_first_name_label\" >Pr\u00e9nom <span class=\"mailpoet_required\" aria-hidden=\"true\">*<\/span><\/label><input type=\"text\" autocomplete=\"given-name\" class=\"mailpoet_text\" id=\"form_first_name_2\" name=\"data[form_field_MzI2OGU4Nzk0ZDc0X2ZpcnN0X25hbWU=]\" title=\"Pr\u00e9nom\" value=\"\" style=\"width:100%;box-sizing:border-box;background-color:#f6f6f6;border-style:solid;border-radius:40px !important;border-width:1px;border-color:#313131;padding:6px;margin: 0 auto;font-family:&#039;Montserrat&#039;;font-size:16px;line-height:1.5;height:auto;\" data-automation-id=\"form_first_name\" data-parsley-errors-container=\".mailpoet_error_102s7\" data-parsley-names='[&quot;Veuillez sp\u00e9cifier un nom valide.&quot;,&quot;Les adresses dans les noms ne sont pas autoris\u00e9es, veuillez ajouter votre nom \u00e0 la place.&quot;]' data-parsley-required=\"true\" required aria-required=\"true\" data-parsley-required-message=\"Ce champ est n\u00e9cessaire.\"\/><span class=\"mailpoet_error_102s7\"><\/span><\/div>\n<div class=\"mailpoet_paragraph \"><label for=\"form_email_2\" class=\"mailpoet_text_label\" style=\"font-size: 16px;line-height: 1.2;font-weight: bold;\" data-automation-id=\"form_email_label\" >Adresse e-mail <span class=\"mailpoet_required\" aria-hidden=\"true\">*<\/span><\/label><input type=\"email\" autocomplete=\"email\" class=\"mailpoet_text\" id=\"form_email_2\" name=\"data[form_field_OTM5NzM2Yzc3ZjA5X2VtYWls]\" title=\"Adresse e-mail\" value=\"\" style=\"width:100%;box-sizing:border-box;background-color:#f6f6f6;border-style:solid;border-radius:40px !important;border-width:1px;border-color:#313131;padding:6px;margin: 0 auto;font-family:&#039;Montserrat&#039;;font-size:16px;line-height:1.5;height:auto;\" data-automation-id=\"form_email\" data-parsley-errors-container=\".mailpoet_error_7kcoe\" data-parsley-required=\"true\" required aria-required=\"true\" data-parsley-minlength=\"6\" data-parsley-maxlength=\"150\" data-parsley-type-message=\"Cette valeur doit \u00eatre un e-mail valide.\" data-parsley-required-message=\"Ce champ est n\u00e9cessaire.\"\/><span class=\"mailpoet_error_7kcoe\"><\/span><\/div>\n<div class=\"mailpoet_recaptcha\" data-sitekey=\"6LcDPqEiAAAAALx8D6o1mgPG7q2Bup6azrrIfSle\" >\n      <div class=\"mailpoet_recaptcha_container\"><\/div>\n      <noscript>\n        <div>\n          <div class=\"mailpoet_recaptcha_noscript_container\">\n            <div>\n              <iframe src=\"https:\/\/www.google.com\/recaptcha\/api\/fallback?k=6LcDPqEiAAAAALx8D6o1mgPG7q2Bup6azrrIfSle\" frameborder=\"0\" scrolling=\"no\">\n              <\/iframe>\n            <\/div>\n          <\/div>\n          <div class=\"mailpoet_recaptcha_noscript_input\">\n            <textarea id=\"g-recaptcha-response\" name=\"data[recaptcha]\" class=\"g-recaptcha-response\">\n            <\/textarea>\n          <\/div>\n        <\/div>\n      <\/noscript>\n      <input class=\"mailpoet_recaptcha_field\" type=\"hidden\" name=\"recaptchaWidgetId\">\n    <\/div><div class=\"parsley-errors-list parsley-required mailpoet_error_recaptcha\">Ce champ est n\u00e9cessaire.<\/div><div class=\"mailpoet_paragraph \"><input type=\"submit\" class=\"mailpoet_submit\" value=\"Je m&#039;inscris\" data-automation-id=\"subscribe-submit-button\" data-font-family='Verdana' style=\"width:100%;box-sizing:border-box;background-color:#abb8c3;border-style:solid;border-radius:40px !important;border-width:4px;border-color:#313131;padding:15px;margin: 0 auto;font-family:&#039;Verdana&#039;;font-size:16px;line-height:1.5;height:auto;color:#cf2e2e;font-weight:bold;\" \/><span class=\"mailpoet_form_loading\"><span class=\"mailpoet_bounce1\"><\/span><span class=\"mailpoet_bounce2\"><\/span><span class=\"mailpoet_bounce3\"><\/span><\/span><\/div>\n\n      <div class=\"mailpoet_message\">\n        <p class=\"mailpoet_validate_success\"\n                style=\"display:none;\"\n                >V\u00e9rifiez votre boite de r\u00e9ception ou votre r\u00e9pertoire d\u2019ind\u00e9sirables pour confirmer votre abonnement.\n        <\/p>\n        <p class=\"mailpoet_validate_error\"\n                style=\"display:none;\"\n                >        <\/p>\n      <\/div>\n    <\/form>\n\n      <\/div>\n\n  ","protected":false},"excerpt":{"rendered":"<p>Inscrivez-vous pour nos actus<\/p>\n","protected":false},"author":1,"featured_media":0,"parent":0,"menu_order":0,"comment_status":"closed","ping_status":"closed","template":"","meta":{"footnotes":""},"class_list":["post-1425","page","type-page","status-publish","hentry"],"aioseo_notices":[],"_links":{"self":[{"href":"https:\/\/kdeconcept.com\/fr\/wp-json\/wp\/v2\/pages\/1425","targetHints":{"allow":["GET"]}}],"collection":[{"href":"https:\/\/kdeconcept.com\/fr\/wp-json\/wp\/v2\/pages"}],"about":[{"href":"https:\/\/kdeconcept.com\/fr\/wp-json\/wp\/v2\/types\/page"}],"author":[{"embeddable":true,"href":"https:\/\/kdeconcept.com\/fr\/wp-json\/wp\/v2\/users\/1"}],"replies":[{"embeddable":true,"href":"https:\/\/kdeconcept.com\/fr\/wp-json\/wp\/v2\/comments?post=1425"}],"version-history":[{"count":0,"href":"https:\/\/kdeconcept.com\/fr\/wp-json\/wp\/v2\/pages\/1425\/revisions"}],"wp:attachment":[{"href":"https:\/\/kdeconcept.com\/fr\/wp-json\/wp\/v2\/media?parent=1425"}],"curies":[{"name":"wp","href":"https:\/\/api.w.org\/{rel}","templated":true}]}}